{"id":6067,"date":"2022-04-29T16:17:26","date_gmt":"2022-04-29T19:17:26","guid":{"rendered":"https:\/\/www.bellalex.net\/pt\/?page_id=6067"},"modified":"2025-11-10T16:19:56","modified_gmt":"2025-11-10T19:19:56","slug":"politica-de-privacidade","status":"publish","type":"page","link":"https:\/\/www.bellalex.net\/pt\/politica-de-privacidade\/","title":{"rendered":"Pol\u00edtica de Privacidade"},"content":{"rendered":"<p>[et_pb_section fb_built=&#8221;1&#8243; _builder_version=&#8221;3.22&#8243; background_color=&#8221;#eaeaea&#8221; custom_padding=&#8221;0px||0px|&#8221; transparent_background=&#8221;off&#8221; make_fullwidth=&#8221;off&#8221; use_custom_width=&#8221;off&#8221; width_unit=&#8221;on&#8221; global_colors_info=&#8221;{}&#8221;][et_pb_row _builder_version=&#8221;3.25&#8243; background_size=&#8221;initial&#8221; background_position=&#8221;top_left&#8221; background_repeat=&#8221;repeat&#8221; custom_padding=&#8221;0px||0px|&#8221; make_fullwidth=&#8221;off&#8221; use_custom_width=&#8221;off&#8221; width_unit=&#8221;on&#8221; global_colors_info=&#8221;{}&#8221;][et_pb_column type=&#8221;4_4&#8243; _builder_version=&#8221;3.0.47&#8243; custom_padding=&#8221;|||&#8221; global_colors_info=&#8221;{}&#8221; custom_padding__hover=&#8221;|||&#8221;][et_pb_text admin_label=&#8221;Cabe\u00e7alho&#8221; _builder_version=&#8221;4.14.6&#8243; header_text_color=&#8221;#ffffff&#8221; header_font_size=&#8221;18px&#8221; custom_margin=&#8221;0px||0px|&#8221; custom_padding=&#8221;10px||10px|&#8221; hover_enabled=&#8221;0&#8243; z_index_tablet=&#8221;500&#8243; text_text_shadow_horizontal_length_tablet=&#8221;0px&#8221; text_text_shadow_vertical_length_tablet=&#8221;0px&#8221; text_text_shadow_blur_strength_tablet=&#8221;1px&#8221; link_text_shadow_horizontal_length_tablet=&#8221;0px&#8221; link_text_shadow_vertical_length_tablet=&#8221;0px&#8221; link_text_shadow_blur_strength_tablet=&#8221;1px&#8221; ul_text_shadow_horizontal_length_tablet=&#8221;0px&#8221; ul_text_shadow_vertical_length_tablet=&#8221;0px&#8221; ul_text_shadow_blur_strength_tablet=&#8221;1px&#8221; ol_text_shadow_horizontal_length_tablet=&#8221;0px&#8221; ol_text_shadow_vertical_length_tablet=&#8221;0px&#8221; ol_text_shadow_blur_strength_tablet=&#8221;1px&#8221; quote_text_shadow_horizontal_length_tablet=&#8221;0px&#8221; quote_text_shadow_vertical_length_tablet=&#8221;0px&#8221; quote_text_shadow_blur_strength_tablet=&#8221;1px&#8221; header_text_shadow_horizontal_length_tablet=&#8221;0px&#8221; header_text_shadow_vertical_length_tablet=&#8221;0px&#8221; header_text_shadow_blur_strength_tablet=&#8221;1px&#8221; header_2_text_shadow_horizontal_length_tablet=&#8221;0px&#8221; header_2_text_shadow_vertical_length_tablet=&#8221;0px&#8221; header_2_text_shadow_blur_strength_tablet=&#8221;1px&#8221; header_3_text_shadow_horizontal_length_tablet=&#8221;0px&#8221; header_3_text_shadow_vertical_length_tablet=&#8221;0px&#8221; header_3_text_shadow_blur_strength_tablet=&#8221;1px&#8221; header_4_text_shadow_horizontal_length_tablet=&#8221;0px&#8221; header_4_text_shadow_vertical_length_tablet=&#8221;0px&#8221; header_4_text_shadow_blur_strength_tablet=&#8221;1px&#8221; header_5_text_shadow_horizontal_length_tablet=&#8221;0px&#8221; header_5_text_shadow_vertical_length_tablet=&#8221;0px&#8221; header_5_text_shadow_blur_strength_tablet=&#8221;1px&#8221; header_6_text_shadow_horizontal_length_tablet=&#8221;0px&#8221; header_6_text_shadow_vertical_length_tablet=&#8221;0px&#8221; header_6_text_shadow_blur_strength_tablet=&#8221;1px&#8221; box_shadow_horizontal_tablet=&#8221;0px&#8221; box_shadow_vertical_tablet=&#8221;0px&#8221; box_shadow_blur_tablet=&#8221;40px&#8221; box_shadow_spread_tablet=&#8221;0px&#8221; border_style=&#8221;solid&#8221; global_colors_info=&#8221;{}&#8221; sticky_enabled=&#8221;0&#8243;]<\/p>\n<h1 style=\"text-align: center;\"><span style=\"color: #ffffff;\"><span style=\"color: #000000;\">Pol\u00edtica de Privacidade<\/span><\/span><\/h1>\n<p>[\/et_pb_text][\/et_pb_column][\/et_pb_row][\/et_pb_section][et_pb_section fb_built=&#8221;1&#8243; _builder_version=&#8221;3.22&#8243; global_colors_info=&#8221;{}&#8221;][et_pb_row _builder_version=&#8221;4.9.7&#8243; _module_preset=&#8221;default&#8221; global_colors_info=&#8221;{}&#8221;][et_pb_column type=&#8221;4_4&#8243; _builder_version=&#8221;4.9.7&#8243; _module_preset=&#8221;default&#8221; global_colors_info=&#8221;{}&#8221;][et_pb_text _builder_version=&#8221;4.14.6&#8243; _module_preset=&#8221;default&#8221; ul_font=&#8221;||||||||&#8221; ul_line_height=&#8221;3em&#8221; text_orientation=&#8221;justified&#8221; locked=&#8221;off&#8221; global_colors_info=&#8221;{}&#8221;]<\/p>\n<h2>Pol\u00edtica de Privacidade<\/h2>\n<p>A pessoa encarregada pelo tratamento de dados de nossos clientes, dos visitantes de nosso site e das pessoas que nos contatam atrav\u00e9s de nossos formul\u00e1rios \u00e9 Joudylene Pereira Pinto. Voc\u00ea pode usar qualquer um dos nossos contatos para tirar qualquer d\u00favida e resolver quest\u00f5es sobre esta pol\u00edtica, e sobre o tratamento de dados que realizamos.<\/p>\n<p><strong>Prote\u00e7\u00e3o de dados dos nossos clientes<\/strong><\/p>\n<p>Esta se\u00e7\u00e3o, na forma de perguntas e respostas, \u00e9 voltada principalmente para nossos clientes j\u00e1 contratados. Ela serve tamb\u00e9m para evidenciar a nossos clientes em potencial que levamos muito a s\u00e9rio a prote\u00e7\u00e3o de dados pessoais em nosso trabalho.<br \/>Por que coletamos dados pessoais de nossos clientes?<\/p>\n<p>Para que possamos prestar adequadamente nossos servi\u00e7os, os contratos que firmamos com nossos clientes cont\u00e9m uma cl\u00e1usula de prote\u00e7\u00e3o de dados pela qual nossos clientes declaram consentir com o tratamento de seus dados e informa\u00e7\u00f5es pessoais para alcan\u00e7ar as finalidades pr\u00f3prias ao objeto do contrato. Sem o fornecimento dos dados solicitados, o servi\u00e7o contratado n\u00e3o ser\u00e1 prestado adequadamente, ou n\u00e3o poder\u00e1 ser prestado.<\/p>\n<p><strong>Quais dados coletamos de nossos clientes?<\/strong><\/p>\n<p>Os dados pessoais que solicitamos para a presta\u00e7\u00e3o de servi\u00e7os ser\u00e3o sempre aqueles necess\u00e1rios e adequados \u00e0s finalidades pr\u00f3prias ao objeto do contrato, e poder\u00e3o envolver, entre outros:<\/p>\n<p>a. Documentos de identifica\u00e7\u00e3o pessoal, como RG, CPF, CNH, CTPS e outros;<br \/>b. Endere\u00e7o completo com CEP, provado por meio de c\u00f3pia de comprovante de resid\u00eancia;<br \/>c. Dados de contato, como telefone, celular, e-mail e outros;<br \/>d. A depender do caso, por for\u00e7a de obriga\u00e7\u00e3o legal poderemos solicitar informa\u00e7\u00f5es sobre idade, sexo, estado civil, nacionalidade, renda mensal e outros;<br \/>e. A depender do caso, por for\u00e7a de obriga\u00e7\u00e3o legal poderemos solicitar informa\u00e7\u00f5es que a Lei Geral de Prote\u00e7\u00e3o de Dados (LGPD) trata como dados pessoais sens\u00edveis, como origem racial ou \u00e9tnica, estado de sa\u00fade e outros.<br \/>f. A depender do caso, por for\u00e7a de obriga\u00e7\u00e3o legal poderemos solicitar informa\u00e7\u00f5es sobre parentes, filhos, antecessores, sucessores, inclusive no exterior, como por exemplo nos casos de servi\u00e7os de obten\u00e7\u00e3o da cidadania italiana, cidadania portuguesa, heran\u00e7a no exterior, pens\u00e3o no exterior e outros.<\/p>\n<p><strong>Pol\u00edtica de Cookies<\/strong><\/p>\n<p>Os cookies s\u00e3o pequenos arquivos de texto que s\u00e3o usados para armazenar pequenos peda\u00e7os de informa\u00e7\u00e3o. Eles s\u00e3o armazenados em seu dispositivo quando o site \u00e9 carregado em seu navegador.<\/p>\n<p>Estes cookies nos ajudam a fazer o website funcionar corretamente, torn\u00e1-lo mais seguro, proporcionar melhor experi\u00eancia ao usu\u00e1rio e entender como o website funciona e analisar o que funciona e onde precisa ser melhorado.<\/p>\n<p>Os cookies usados em nosso site s\u00e3o principalmente para entender como o website funciona, como voc\u00ea interage com nosso site, mantendo nossos servi\u00e7os seguros, fornecendo an\u00fancios que s\u00e3o relevantes para voc\u00ea e, em resumo, proporcionando a voc\u00ea uma melhor e melhor experi\u00eancia de usu\u00e1rio e ajudando a acelerar suas futuras intera\u00e7\u00f5es com nosso website.<\/p>\n<p>Utilizamos os seguintes tipos de Cookies em nosso Website:<\/p>\n<p>Estat\u00edsticas: Estes cookies armazenam informa\u00e7\u00f5es como o n\u00famero de visitantes do site, o n\u00famero de visitantes \u00fanicos, quais p\u00e1ginas do site foram visitadas, a fonte da visita etc. Estes dados nos ajudam a entender e analisar o desempenho do website e onde ele precisa ser melhorado.<\/p>\n<p>Funcional: Estes s\u00e3o os cookies que ajudam certas funcionalidades n\u00e3o essenciais em nosso site. Estas funcionalidades incluem a incorpora\u00e7\u00e3o de conte\u00fado como v\u00eddeos ou compartilhamento de conte\u00fado do site em plataformas de m\u00eddia social.<\/p>\n<p>Preferencias: Estes cookies nos ajudam a armazenar suas configura\u00e7\u00f5es e prefer\u00eancias de navega\u00e7\u00e3o como prefer\u00eancias de idioma para que voc\u00ea tenha uma experi\u00eancia melhor e mais eficiente em futuras visitas ao site.<\/p>\n<p>Voc\u00ea pode eliminar os Cookies armazenados em seu dispositivo a qualquer momento, bastando acessar as op\u00e7\u00f5es de privacidade nas configura\u00e7\u00f5es de seu navegador.<\/p>\n<p><strong>Como garantimos o sigilo, prote\u00e7\u00e3o e seguran\u00e7a dos dados fornecidos por nossos clientes?<\/strong><\/p>\n<p>Para atender \u00e0s finalidades pr\u00f3prias aos servi\u00e7os contratados, usamos preferencialmente ferramentas baseadas em software livre e ferramentas com criptografia ponta-a-ponta; sempre que elas o permitem, usamos criptografia de dados tanto em tr\u00e2nsito quanto em repouso.<\/p>\n<p>As especifica\u00e7\u00f5es t\u00e9cnicas das medidas de seguran\u00e7a adotadas poder\u00e3o ser encontradas nos sites de cada uma das ferramentas, apresentados na se\u00e7\u00e3o seguinte.<\/p>\n<p><strong>Quais opera\u00e7\u00f5es de tratamento realizamos com os dados de nossos clientes?<\/strong><\/p>\n<p>Ao prestar servi\u00e7os a nossos clientes, realizamos ou podemos realizar as seguintes opera\u00e7\u00f5es de tratamento de dados:<\/p>\n<ul>\n<li>Armazenamento em meio f\u00edsico e digital, nos nossos equipamentos e instala\u00e7\u00f5es, sob nossa gest\u00e3o e responsabilidade;<\/li>\n<li>Salvaguarda (backup), localmente, em nossos equipamentos, sob nossa gest\u00e3o e responsabilidade;<\/li>\n<li>Comunica\u00e7\u00e3o por e-mail, usando nosso e-mail institucional;<\/li>\n<li>Comunica\u00e7\u00e3o por mensagens instant\u00e2neas, usando preferencialmente ferramentas livres e\/ou mais seguras, como:<br \/>&#8211; Whatsapp, sob gest\u00e3o e responsabilidade da WhatsApp LLC, com sede em 1601 Willow Road, Menlo Park, California 94025, Estados Unidos.<br \/>&#8211; Zoom, sob gest\u00e3o, hospedagem e responsabilidade de Zoom Video Communications, Inc., com sede em 55 Almaden Blvd, Suite 600, San Jose, CA 95113, Estados Unidos;<br \/>&#8211; Skype, sob gest\u00e3o, hospedagem e responsabilidade de Microsoft Corporation, com sede em One Microsoft Way, Redmond, Washington 98052, Estados Unidos;<br \/>&#8211; Meet, sob gest\u00e3o, hospedagem e responsabilidade de Google LLC, com sede em 1600 Amphitheatre Parkway, Mountain View, Calif\u00f3rnia 94043, Estados Unidos;<br \/>Messenger, sob gest\u00e3o e responsabilidade de Meta, com sede em One Hacker Way, Menlo Park, Calif\u00f3rnia, 94025, Estados Unidos;<br \/>Tawk.to, sob gest\u00e3o e responsabilidade de Tawk.to inc., 187 East Warm Springs Rd, SB298, Las Vegas, NV, 89119.<\/li>\n<\/ul>\n<p>Al\u00e9m disso, como a pr\u00f3pria LGPD orienta (art. 33, I), as ferramentas usadas encontram-se hospedadas em pa\u00edses que proporcionam grau de prote\u00e7\u00e3o de dados pessoais adequado ao previsto na Lei Geral de Prote\u00e7\u00e3o de Dados (LGPD) ou aderem ao Regulamento Geral de Prote\u00e7\u00e3o de Dados da Uni\u00e3o Europeia (RGPD) ou Lei de Privacidade do Consumidor da Calif\u00f3rnia (CCPA).<\/p>\n<p><strong>Os dados de nossos clientes s\u00e3o transferidos para outros pa\u00edses?<\/strong><\/p>\n<p>Se est\u00e3o em suporte f\u00edsico, n\u00e3o. Se est\u00e3o em suporte digital, eventualmente poder\u00e3o s\u00ea-lo, a depender da opera\u00e7\u00e3o de tratamento em que estejam envolvidos. Para confirmar se seus dados est\u00e3o sendo transferidos para outros pa\u00edses, veja a se\u00e7\u00e3o \u201cQuais opera\u00e7\u00f5es de tratamento realizamos com os dados de nossos clientes?\u201d.<\/p>\n<p>As transfer\u00eancias internacionais de dados de clientes realizadas por n\u00f3s, entretanto, s\u00e3o adequadas \u00e0 Lei Geral de Prote\u00e7\u00e3o de Dados (LGPD) e submetem-se \u00e0 sua jurisdi\u00e7\u00e3o, porque:<\/p>\n<ul>\n<li>A atividade de tratamento tem por objetivo o fornecimento de servi\u00e7os a indiv\u00edduos localizados no territ\u00f3rio brasileiro (LGPD, art. 3\u00ba, II); e<\/li>\n<li>Os dados foram coletados em territ\u00f3rio brasileiro (LGPD, art. 3\u00ba III).<\/li>\n<\/ul>\n<p>&nbsp;<\/p>\n<p><strong>Quais direitos asseguramos aos nossos clientes quando tratamos os dados que nos fornecem?<\/strong><\/p>\n<p>Sempre que exercermos o papel de controlador das opera\u00e7\u00f5es de tratamento de dados fornecidos por nossos clientes, comprometemo-nos a assegurar-lhes, quando os solicitarem expressamente e na medida do que estiver razoavelmente ao nosso alcance, os direitos de confirma\u00e7\u00e3o de armazenamento, corre\u00e7\u00e3o de dados incompletos, inexatos ou desatualizados, bloqueio ou elimina\u00e7\u00e3o de dados desnecess\u00e1rios, excessivos ou tratados em desconformidade com a Lei Geral de Prote\u00e7\u00e3o de Dados brasileira, elimina\u00e7\u00e3o de dados tratados com ou sem consentimento.<\/p>\n<p>Al\u00e9m disso, sempre que exercermos o papel de controlador das opera\u00e7\u00f5es de tratamento de dados fornecidos por nossos clientes, comprometemo-nos a tomar todas as medidas ao nosso alcance e empregar os melhores meios t\u00e9cnicos ao nosso alcance para garantir a prote\u00e7\u00e3o, a privacidade e o sigilo dos dados pessoais e dados pessoais sens\u00edveis que nos forem fornecidos por nossos clientes em raz\u00e3o de presta\u00e7\u00e3o de servi\u00e7o contratado, bem como comunicar imediatamente aos nossos clientes em caso de incidente de seguran\u00e7a que afetem os dados pessoais ou dados pessoais sens\u00edveis que nos tenham sido fornecidos em raz\u00e3o de presta\u00e7\u00e3o de servi\u00e7o contratado, e tamb\u00e9m a qualquer terceiro eventualmente envolvido.<\/p>\n<p><strong>Por quanto tempo armazenamos dados de nossos clientes?<\/strong><\/p>\n<p>Os dados que nos s\u00e3o fornecidos por nossos clientes s\u00e3o tratados por n\u00f3s enquanto durar a presta\u00e7\u00e3o dos servi\u00e7os contratados.<\/p>\n<p>Por obriga\u00e7\u00e3o legal, os dados pessoais que nos s\u00e3o fornecidos por nossos clientes em raz\u00e3o de presta\u00e7\u00e3o de servi\u00e7os ser\u00e3o mantidos por n\u00f3s por at\u00e9 05 (cinco) anos depois de encerrada a presta\u00e7\u00e3o de servi\u00e7os. Assim que se encerra esse prazo, comprometemo-nos a eliminar esses dados, e a fornecer prova da elimina\u00e7\u00e3o a nossos clientes caso assim o solicitem.<\/p>\n<p>Ainda tem d\u00favidas sobre nossa pol\u00edtica de prote\u00e7\u00e3o de dados? Quer apresentar alguma reclama\u00e7\u00e3o ou exercer seus direitos?<\/p>\n<p>Qualquer d\u00favida sobre a forma como tratamos os dados de nossos clientes poder\u00e1 ser resolvida conosco usando qualquer dos meios apresentados em nosso website.<\/p>\n<p><strong>Prote\u00e7\u00e3o de dados e privacidade ao navegar no site<\/strong><\/p>\n<p>Nosso website n\u00e3o armazena dados de nossos clientes no servidor ou em nuvem.<\/p>\n<p>Ao incorporarmos v\u00eddeos, imagens ou outros conte\u00fados de terceiros em nosso site (p. ex., v\u00eddeos do Youtube), esse conte\u00fado incorporado poder\u00e1 incluir cookies, submetidos a pol\u00edticas de privacidade e de prote\u00e7\u00e3o de dados sob responsabilidade das organiza\u00e7\u00f5es cujo conte\u00fado est\u00e1 linkado. Nesses casos, n\u00e3o nos responsabilizamos por estas pol\u00edticas de privacidade e de prote\u00e7\u00e3o de dados, cabendo visitar os sites de origem para verificar como seus dados est\u00e3o sendo tratados.<br \/>Qualquer d\u00favida sobre a forma como tratamos os dados dos visitantes poder\u00e1 ser resolvida conosco usando qualquer dos meios apresentados em nosso website.<\/p>\n<p>[\/et_pb_text][\/et_pb_column][\/et_pb_row][\/et_pb_section]<\/p>\n","protected":false},"excerpt":{"rendered":"<p>Pol\u00edtica de PrivacidadePol\u00edtica de Privacidade A pessoa encarregada pelo tratamento de dados de nossos clientes, dos visitantes de nosso site e das pessoas que nos contatam atrav\u00e9s de nossos formul\u00e1rios \u00e9 Joudylene Pereira Pinto. Voc\u00ea pode usar qualquer um dos nossos contatos para tirar qualquer d\u00favida e resolver quest\u00f5es sobre esta pol\u00edtica, e sobre o [&hellip;]<\/p>\n","protected":false},"author":8,"featured_media":0,"parent":0,"menu_order":0,"comment_status":"closed","ping_status":"closed","template":"","meta":{"_et_pb_use_builder":"on","_et_pb_old_content":"","_et_gb_content_width":"","_monsterinsights_skip_tracking":false,"_monsterinsights_sitenote_active":false,"_monsterinsights_sitenote_note":"","_monsterinsights_sitenote_category":0,"footnotes":""},"class_list":["post-6067","page","type-page","status-publish","hentry"],"yoast_head":"<!-- This site is optimized with the Yoast SEO plugin v26.8 - https:\/\/yoast.com\/product\/yoast-seo-wordpress\/ -->\n<title>Pol\u00edtica de Privacidade - Bella Lex<\/title>\n<meta name=\"robots\" content=\"index, follow, max-snippet:-1, max-image-preview:large, max-video-preview:-1\" \/>\n<link rel=\"canonical\" href=\"https:\/\/www.bellalex.net\/pt\/politica-de-privacidade\/\" \/>\n<meta property=\"og:locale\" content=\"pt_BR\" \/>\n<meta property=\"og:type\" content=\"article\" \/>\n<meta property=\"og:title\" content=\"Pol\u00edtica de Privacidade - Bella Lex\" \/>\n<meta property=\"og:description\" content=\"Pol\u00edtica de PrivacidadePol\u00edtica de Privacidade A pessoa encarregada pelo tratamento de dados de nossos clientes, dos visitantes de nosso site e das pessoas que nos contatam atrav\u00e9s de nossos formul\u00e1rios \u00e9 Joudylene Pereira Pinto. Voc\u00ea pode usar qualquer um dos nossos contatos para tirar qualquer d\u00favida e resolver quest\u00f5es sobre esta pol\u00edtica, e sobre o [&hellip;]\" \/>\n<meta property=\"og:url\" content=\"https:\/\/www.bellalex.net\/pt\/politica-de-privacidade\/\" \/>\n<meta property=\"og:site_name\" content=\"Bella Lex\" \/>\n<meta property=\"article:publisher\" content=\"https:\/\/www.facebook.com\/BellaLexconsultoria\/\" \/>\n<meta property=\"article:modified_time\" content=\"2025-11-10T19:19:56+00:00\" \/>\n<meta property=\"og:image\" content=\"https:\/\/www.bellalex.net\/pt\/wp-content\/uploads\/bellalex-icone.jpg\" \/>\n\t<meta property=\"og:image:width\" content=\"125\" \/>\n\t<meta property=\"og:image:height\" content=\"125\" \/>\n\t<meta property=\"og:image:type\" content=\"image\/jpeg\" \/>\n<meta name=\"twitter:card\" content=\"summary_large_image\" \/>\n<meta name=\"twitter:label1\" content=\"Est. tempo de leitura\" \/>\n\t<meta name=\"twitter:data1\" content=\"11 minutos\" \/>\n<script type=\"application\/ld+json\" class=\"yoast-schema-graph\">{\"@context\":\"https:\/\/schema.org\",\"@graph\":[{\"@type\":\"WebPage\",\"@id\":\"https:\/\/www.bellalex.net\/pt\/politica-de-privacidade\/\",\"url\":\"https:\/\/www.bellalex.net\/pt\/politica-de-privacidade\/\",\"name\":\"Pol\u00edtica de Privacidade - Bella Lex\",\"isPartOf\":{\"@id\":\"https:\/\/www.bellalex.net\/pt\/#website\"},\"datePublished\":\"2022-04-29T19:17:26+00:00\",\"dateModified\":\"2025-11-10T19:19:56+00:00\",\"breadcrumb\":{\"@id\":\"https:\/\/www.bellalex.net\/pt\/politica-de-privacidade\/#breadcrumb\"},\"inLanguage\":\"pt-BR\",\"potentialAction\":[{\"@type\":\"ReadAction\",\"target\":[\"https:\/\/www.bellalex.net\/pt\/politica-de-privacidade\/\"]}]},{\"@type\":\"BreadcrumbList\",\"@id\":\"https:\/\/www.bellalex.net\/pt\/politica-de-privacidade\/#breadcrumb\",\"itemListElement\":[{\"@type\":\"ListItem\",\"position\":1,\"name\":\"Home\",\"item\":\"https:\/\/www.bellalex.net\/pt\/\"},{\"@type\":\"ListItem\",\"position\":2,\"name\":\"Pol\u00edtica de Privacidade\"}]},{\"@type\":\"WebSite\",\"@id\":\"https:\/\/www.bellalex.net\/pt\/#website\",\"url\":\"https:\/\/www.bellalex.net\/pt\/\",\"name\":\"Bella Lex\",\"description\":\"Studi Legali | Consultoria\",\"publisher\":{\"@id\":\"https:\/\/www.bellalex.net\/pt\/#organization\"},\"potentialAction\":[{\"@type\":\"SearchAction\",\"target\":{\"@type\":\"EntryPoint\",\"urlTemplate\":\"https:\/\/www.bellalex.net\/pt\/?s={search_term_string}\"},\"query-input\":{\"@type\":\"PropertyValueSpecification\",\"valueRequired\":true,\"valueName\":\"search_term_string\"}}],\"inLanguage\":\"pt-BR\"},{\"@type\":\"Organization\",\"@id\":\"https:\/\/www.bellalex.net\/pt\/#organization\",\"name\":\"Bella Lex - Cidadania Italiana \/ portuguesa e Direito Estrangeiro\",\"url\":\"https:\/\/www.bellalex.net\/pt\/\",\"logo\":{\"@type\":\"ImageObject\",\"inLanguage\":\"pt-BR\",\"@id\":\"https:\/\/www.bellalex.net\/pt\/#\/schema\/logo\/image\/\",\"url\":\"https:\/\/www.bellalex.net\/pt\/wp-content\/uploads\/bellalex-logo.png\",\"contentUrl\":\"https:\/\/www.bellalex.net\/pt\/wp-content\/uploads\/bellalex-logo.png\",\"width\":435,\"height\":130,\"caption\":\"Bella Lex - Cidadania Italiana \/ portuguesa e Direito Estrangeiro\"},\"image\":{\"@id\":\"https:\/\/www.bellalex.net\/pt\/#\/schema\/logo\/image\/\"},\"sameAs\":[\"https:\/\/www.facebook.com\/BellaLexconsultoria\/\",\"https:\/\/www.instagram.com\/bellalexconsultoria\/\"]}]}<\/script>\n<!-- \/ Yoast SEO plugin. -->","yoast_head_json":{"title":"Pol\u00edtica de Privacidade - Bella Lex","robots":{"index":"index","follow":"follow","max-snippet":"max-snippet:-1","max-image-preview":"max-image-preview:large","max-video-preview":"max-video-preview:-1"},"canonical":"https:\/\/www.bellalex.net\/pt\/politica-de-privacidade\/","og_locale":"pt_BR","og_type":"article","og_title":"Pol\u00edtica de Privacidade - Bella Lex","og_description":"Pol\u00edtica de PrivacidadePol\u00edtica de Privacidade A pessoa encarregada pelo tratamento de dados de nossos clientes, dos visitantes de nosso site e das pessoas que nos contatam atrav\u00e9s de nossos formul\u00e1rios \u00e9 Joudylene Pereira Pinto. Voc\u00ea pode usar qualquer um dos nossos contatos para tirar qualquer d\u00favida e resolver quest\u00f5es sobre esta pol\u00edtica, e sobre o [&hellip;]","og_url":"https:\/\/www.bellalex.net\/pt\/politica-de-privacidade\/","og_site_name":"Bella Lex","article_publisher":"https:\/\/www.facebook.com\/BellaLexconsultoria\/","article_modified_time":"2025-11-10T19:19:56+00:00","og_image":[{"width":125,"height":125,"url":"https:\/\/www.bellalex.net\/pt\/wp-content\/uploads\/bellalex-icone.jpg","type":"image\/jpeg"}],"twitter_card":"summary_large_image","twitter_misc":{"Est. tempo de leitura":"11 minutos"},"schema":{"@context":"https:\/\/schema.org","@graph":[{"@type":"WebPage","@id":"https:\/\/www.bellalex.net\/pt\/politica-de-privacidade\/","url":"https:\/\/www.bellalex.net\/pt\/politica-de-privacidade\/","name":"Pol\u00edtica de Privacidade - Bella Lex","isPartOf":{"@id":"https:\/\/www.bellalex.net\/pt\/#website"},"datePublished":"2022-04-29T19:17:26+00:00","dateModified":"2025-11-10T19:19:56+00:00","breadcrumb":{"@id":"https:\/\/www.bellalex.net\/pt\/politica-de-privacidade\/#breadcrumb"},"inLanguage":"pt-BR","potentialAction":[{"@type":"ReadAction","target":["https:\/\/www.bellalex.net\/pt\/politica-de-privacidade\/"]}]},{"@type":"BreadcrumbList","@id":"https:\/\/www.bellalex.net\/pt\/politica-de-privacidade\/#breadcrumb","itemListElement":[{"@type":"ListItem","position":1,"name":"Home","item":"https:\/\/www.bellalex.net\/pt\/"},{"@type":"ListItem","position":2,"name":"Pol\u00edtica de Privacidade"}]},{"@type":"WebSite","@id":"https:\/\/www.bellalex.net\/pt\/#website","url":"https:\/\/www.bellalex.net\/pt\/","name":"Bella Lex","description":"Studi Legali | Consultoria","publisher":{"@id":"https:\/\/www.bellalex.net\/pt\/#organization"},"potentialAction":[{"@type":"SearchAction","target":{"@type":"EntryPoint","urlTemplate":"https:\/\/www.bellalex.net\/pt\/?s={search_term_string}"},"query-input":{"@type":"PropertyValueSpecification","valueRequired":true,"valueName":"search_term_string"}}],"inLanguage":"pt-BR"},{"@type":"Organization","@id":"https:\/\/www.bellalex.net\/pt\/#organization","name":"Bella Lex - Cidadania Italiana \/ portuguesa e Direito Estrangeiro","url":"https:\/\/www.bellalex.net\/pt\/","logo":{"@type":"ImageObject","inLanguage":"pt-BR","@id":"https:\/\/www.bellalex.net\/pt\/#\/schema\/logo\/image\/","url":"https:\/\/www.bellalex.net\/pt\/wp-content\/uploads\/bellalex-logo.png","contentUrl":"https:\/\/www.bellalex.net\/pt\/wp-content\/uploads\/bellalex-logo.png","width":435,"height":130,"caption":"Bella Lex - Cidadania Italiana \/ portuguesa e Direito Estrangeiro"},"image":{"@id":"https:\/\/www.bellalex.net\/pt\/#\/schema\/logo\/image\/"},"sameAs":["https:\/\/www.facebook.com\/BellaLexconsultoria\/","https:\/\/www.instagram.com\/bellalexconsultoria\/"]}]}},"_links":{"self":[{"href":"https:\/\/www.bellalex.net\/pt\/wp-json\/wp\/v2\/pages\/6067","targetHints":{"allow":["GET"]}}],"collection":[{"href":"https:\/\/www.bellalex.net\/pt\/wp-json\/wp\/v2\/pages"}],"about":[{"href":"https:\/\/www.bellalex.net\/pt\/wp-json\/wp\/v2\/types\/page"}],"author":[{"embeddable":true,"href":"https:\/\/www.bellalex.net\/pt\/wp-json\/wp\/v2\/users\/8"}],"replies":[{"embeddable":true,"href":"https:\/\/www.bellalex.net\/pt\/wp-json\/wp\/v2\/comments?post=6067"}],"version-history":[{"count":1,"href":"https:\/\/www.bellalex.net\/pt\/wp-json\/wp\/v2\/pages\/6067\/revisions"}],"predecessor-version":[{"id":8643,"href":"https:\/\/www.bellalex.net\/pt\/wp-json\/wp\/v2\/pages\/6067\/revisions\/8643"}],"wp:attachment":[{"href":"https:\/\/www.bellalex.net\/pt\/wp-json\/wp\/v2\/media?parent=6067"}],"curies":[{"name":"wp","href":"https:\/\/api.w.org\/{rel}","templated":true}]}}