{"id":1870,"date":"2017-06-05T13:58:09","date_gmt":"2017-06-05T16:58:09","guid":{"rendered":"http:\/\/www.bellalex.net\/pt\/?page_id=1870"},"modified":"2023-11-20T08:14:34","modified_gmt":"2023-11-20T11:14:34","slug":"consulta-online-gratuita","status":"publish","type":"page","link":"https:\/\/www.bellalex.net\/pt\/consulta-online-gratuita\/","title":{"rendered":"Consulta Online Gratuita"},"content":{"rendered":"<p>[et_pb_section fb_built=&#8221;1&#8243; _builder_version=&#8221;4.16&#8243; background_color=&#8221;#eaeaea&#8221; custom_padding=&#8221;0px||0px|&#8221; transparent_background=&#8221;off&#8221; make_fullwidth=&#8221;off&#8221; use_custom_width=&#8221;off&#8221; width_unit=&#8221;on&#8221; global_colors_info=&#8221;{}&#8221;][et_pb_row _builder_version=&#8221;4.16&#8243; background_size=&#8221;initial&#8221; background_position=&#8221;top_left&#8221; background_repeat=&#8221;repeat&#8221; custom_padding=&#8221;0px||0px|&#8221; make_fullwidth=&#8221;off&#8221; use_custom_width=&#8221;off&#8221; width_unit=&#8221;on&#8221; global_colors_info=&#8221;{}&#8221;][et_pb_column type=&#8221;4_4&#8243; _builder_version=&#8221;4.16&#8243; custom_padding=&#8221;|||&#8221; global_colors_info=&#8221;{}&#8221; custom_padding__hover=&#8221;|||&#8221;][et_pb_text admin_label=&#8221;Cabe\u00e7alho&#8221; _builder_version=&#8221;4.16&#8243; header_text_color=&#8221;#ffffff&#8221; header_font_size=&#8221;18px&#8221; custom_margin=&#8221;0px||0px|&#8221; custom_padding=&#8221;10px||10px|&#8221; border_style=&#8221;solid&#8221; global_colors_info=&#8221;{}&#8221;]<\/p>\n<h1 style=\"text-align: center;\"><span style=\"color: #ffffff;\"><span style=\"color: #000000;\">Consulta Online Gratuita<\/span><br \/>\n<\/span><\/h1>\n<h2 style=\"text-align: center; font-size: 24px; letter-spacing: -1px;\"><span style=\"color: #990000;\">Preencha o formul\u00e1rio abaixo para uma an\u00e1lise inicial do seu caso<\/span><\/h2>\n<p>[\/et_pb_text][\/et_pb_column][\/et_pb_row][\/et_pb_section][et_pb_section fb_built=&#8221;1&#8243; _builder_version=&#8221;4.16&#8243; global_colors_info=&#8221;{}&#8221;][et_pb_row _builder_version=&#8221;4.16&#8243; background_size=&#8221;initial&#8221; background_position=&#8221;top_left&#8221; background_repeat=&#8221;repeat&#8221; locked=&#8221;off&#8221; global_colors_info=&#8221;{}&#8221;][et_pb_column type=&#8221;4_4&#8243; _builder_version=&#8221;4.16&#8243; custom_padding=&#8221;|||&#8221; global_colors_info=&#8221;{}&#8221; custom_padding__hover=&#8221;|||&#8221;][et_pb_text _builder_version=&#8221;4.17.4&#8243; global_colors_info=&#8221;{}&#8221;]<\/p>\n<p><img loading=\"lazy\" decoding=\"async\" class=\"alignleft wp-image-2543 size-full\" src=\"https:\/\/www.bellalex.net\/pt\/wp-content\/uploads\/contato.jpg\" alt=\"Consulta Online Gratuita\" width=\"50\" height=\"50\" \/>A consulta pode ser realizada sob agendamento por celular, por v\u00eddeo\/\u00e1udio confer\u00eancia via Skype, por v\u00eddeo\/\u00e1udio confer\u00eancia via WhatsApp ou ainda v\u00eddeo confer\u00eancia via Zoom. Quando preencher o formul\u00e1rio de solicita\u00e7\u00e3o, indique a data e o hor\u00e1rio de sua prefer\u00eancia, al\u00e9m da modalidade da consulta. N\u00f3s faremos o m\u00e1ximo para atender \u00e0 sua solicita\u00e7\u00e3o. Voc\u00ea receber\u00e1 por telefone, e-mail ou SMS uma confirma\u00e7\u00e3o do dia e do hor\u00e1rio da consulta online gratuita.<\/p>\n<p>[\/et_pb_text][et_pb_code _builder_version=&#8221;4.17.4&#8243; _module_preset=&#8221;default&#8221; hover_enabled=&#8221;0&#8243; global_colors_info=&#8221;{}&#8221; sticky_enabled=&#8221;0&#8243;]<!--\nPlugin Name: Bookly - Responsive WordPress Appointment Booking and Scheduling Plugin\nPlugin URI: https:\/\/www.booking-wp-plugin.com\/?utm_source=bookly_admin&utm_medium=plugins_page&utm_campaign=plugins_page\nVersion: 27.5-->\n<style type=\"text\/css\">\n    :root {\n        --bookly-main-color: #aa8200 !important;\n        --bookly-color: #aa8200 !important;\n    }\n\n    <\/style><div class=\"bookly-css-root\">\n    <div id=\"bookly-form-container-6a05f4402e29e\" class=\"bookly-form\" data-form_id=\"\" aria-live=\"polite\">\n        <div style=\"text-align: center\"><img decoding=\"async\" src=\"https:\/\/www.bellalex.net\/pt\/wp-includes\/js\/tinymce\/skins\/lightgray\/img\/loader.gif\" alt=\"Carregando...\"\/><\/div>\n    <\/div>\n<\/div>\n<script type=\"text\/javascript\">\n    (function (win, fn) {\n        var done = false, top = true,\n            doc = win.document,\n            root = doc.documentElement,\n            modern = doc.addEventListener,\n            add = modern ? 'addEventListener' : 'attachEvent',\n            rem = modern ? 'removeEventListener' : 'detachEvent',\n            pre = modern ? '' : 'on',\n            init = function (e) {\n                if (e.type == 'readystatechange') if (doc.readyState != 'complete') return;\n                (e.type == 'load' ? win : doc)[rem](pre + e.type, init, false);\n                if (!done) {\n                    done = true;\n                    fn.call(win, e.type || e);\n                }\n            },\n            poll = function () {\n                try {\n                    root.doScroll('left');\n                } catch (e) {\n                    setTimeout(poll, 50);\n                    return;\n                }\n                init('poll');\n            };\n        if (doc.readyState == 'complete') fn.call(win, 'lazy');\n        else {\n            if (!modern) if (root.doScroll) {\n                try {\n                    top = !win.frameElement;\n                } catch (e) {\n                }\n                if (top) poll();\n            }\n            doc[add](pre + 'DOMContentLoaded', init, false);\n            doc[add](pre + 'readystatechange', init, false);\n            win[add](pre + 'load', init, false);\n        }\n    })(window, function () {\n        window.bookly( {\"form_id\":\"6a05f4402e29e\",\"form_data\":{\"skip_service_step\":0,\"hide_service_part1\":0,\"hide_service_part2\":1,\"defaults\":{\"service_id\":0,\"staff_id\":0,\"location_id\":0,\"category_id\":0,\"units\":0,\"date_from\":0,\"time_from\":0,\"time_to\":0}},\"status\":{\"booking\":\"new\"},\"form_token\":null,\"skip_steps\":{\"service_part1\":0,\"service_part2\":1,\"extras\":1,\"time\":0,\"repeat\":1,\"cart\":1},\"errors\":{\"session_error\":\"Erro de sess\\u00e3o.\",\"form_id_error\":\"Erro de ID do formul\\u00e1rio\",\"cart_item_not_available\":\"O hor\\u00e1rio selecionado j\\u00e1 n\\u00e3o se encontra dispon\\u00edvel. Por favor escolha um outro hor\\u00e1rio para sua consultoria.\",\"pay_locally_not_available\":\"Pagar localmente n\\u00e3o est\\u00e1 dispon\\u00edvel.\",\"invalid_gateway\":\"Gateway inv\\u00e1lido\",\"payment_error\":\"Erro.\",\"incorrect_username_password\":\"Nome de usu\\u00e1rio ou senha incorretos.\"},\"form_attributes\":{\"hide_categories\":false,\"hide_services\":false,\"hide_staff_members\":false,\"show_number_of_persons\":false,\"hide_service_duration\":true,\"hide_locations\":true,\"hide_quantity\":true,\"hide_date\":true,\"hide_week_days\":true,\"hide_time_range\":true},\"use_client_time_zone\":1,\"defaults\":{\"service_id\":0,\"staff_id\":0,\"location_id\":0,\"category_id\":0},\"datepicker_mode\":\"text-accent\",\"facebook\":{\"enabled\":0,\"appId\":\"\"}} );\n    });\n<\/script>[\/et_pb_code][\/et_pb_column][\/et_pb_row][\/et_pb_section]<\/p>\n","protected":false},"excerpt":{"rendered":"<p>Consulta Online Gratuita. Bella Lex Consultoria em Direito Estrangeiro e Cidadania Italiana. Preencha o formul\u00e1rio para agendar um atendimento personalizado<\/p>\n","protected":false},"author":8,"featured_media":0,"parent":0,"menu_order":50,"comment_status":"closed","ping_status":"closed","template":"","meta":{"_et_pb_use_builder":"on","_et_pb_old_content":"","_et_gb_content_width":"","footnotes":""},"class_list":["post-1870","page","type-page","status-publish","hentry"],"yoast_head":"<!-- This site is optimized with the Yoast SEO plugin v27.5 - https:\/\/yoast.com\/product\/yoast-seo-wordpress\/ -->\n<title>Consulta Online Gratuita | Bella Lex Consultoria em Direito Estrangeiro<\/title>\n<meta name=\"description\" content=\"Consulta Online Gratuita. Bella Lex Consultoria em Direito Estrangeiro e Cidadania Italiana. Preencha o formul\u00e1rio para agendar um atendimento personalizado\" \/>\n<meta name=\"robots\" content=\"index, follow, max-snippet:-1, max-image-preview:large, max-video-preview:-1\" \/>\n<link rel=\"canonical\" href=\"https:\/\/www.bellalex.net\/pt\/consulta-online-gratuita\/\" \/>\n<meta property=\"og:locale\" content=\"pt_BR\" \/>\n<meta property=\"og:type\" content=\"article\" \/>\n<meta property=\"og:title\" content=\"Consulta Online Gratuita | Bella Lex Consultoria em Direito Estrangeiro\" \/>\n<meta property=\"og:description\" content=\"Consulta Online Gratuita. Bella Lex Consultoria em Direito Estrangeiro e Cidadania Italiana. Preencha o formul\u00e1rio para agendar um atendimento personalizado\" \/>\n<meta property=\"og:url\" content=\"https:\/\/www.bellalex.net\/pt\/consulta-online-gratuita\/\" \/>\n<meta property=\"og:site_name\" content=\"Bella Lex\" \/>\n<meta property=\"article:publisher\" content=\"https:\/\/www.facebook.com\/BellaLexconsultoria\/\" \/>\n<meta property=\"article:modified_time\" content=\"2023-11-20T11:14:34+00:00\" \/>\n<meta property=\"og:image\" content=\"https:\/\/www.bellalex.net\/pt\/wp-content\/uploads\/contato.jpg\" \/>\n<meta name=\"twitter:card\" content=\"summary_large_image\" \/>\n<meta name=\"twitter:label1\" content=\"Est. tempo de leitura\" \/>\n\t<meta name=\"twitter:data1\" content=\"1 minuto\" \/>\n<script type=\"application\/ld+json\" class=\"yoast-schema-graph\">{\"@context\":\"https:\\\/\\\/schema.org\",\"@graph\":[{\"@type\":\"WebPage\",\"@id\":\"https:\\\/\\\/www.bellalex.net\\\/pt\\\/consulta-online-gratuita\\\/\",\"url\":\"https:\\\/\\\/www.bellalex.net\\\/pt\\\/consulta-online-gratuita\\\/\",\"name\":\"Consulta Online Gratuita | Bella Lex Consultoria em Direito Estrangeiro\",\"isPartOf\":{\"@id\":\"https:\\\/\\\/www.bellalex.net\\\/pt\\\/#website\"},\"primaryImageOfPage\":{\"@id\":\"https:\\\/\\\/www.bellalex.net\\\/pt\\\/consulta-online-gratuita\\\/#primaryimage\"},\"image\":{\"@id\":\"https:\\\/\\\/www.bellalex.net\\\/pt\\\/consulta-online-gratuita\\\/#primaryimage\"},\"thumbnailUrl\":\"https:\\\/\\\/www.bellalex.net\\\/pt\\\/wp-content\\\/uploads\\\/contato.jpg\",\"datePublished\":\"2017-06-05T16:58:09+00:00\",\"dateModified\":\"2023-11-20T11:14:34+00:00\",\"description\":\"Consulta Online Gratuita. Bella Lex Consultoria em Direito Estrangeiro e Cidadania Italiana. Preencha o formul\u00e1rio para agendar um atendimento personalizado\",\"breadcrumb\":{\"@id\":\"https:\\\/\\\/www.bellalex.net\\\/pt\\\/consulta-online-gratuita\\\/#breadcrumb\"},\"inLanguage\":\"pt-BR\",\"potentialAction\":[{\"@type\":\"ReadAction\",\"target\":[\"https:\\\/\\\/www.bellalex.net\\\/pt\\\/consulta-online-gratuita\\\/\"]}]},{\"@type\":\"ImageObject\",\"inLanguage\":\"pt-BR\",\"@id\":\"https:\\\/\\\/www.bellalex.net\\\/pt\\\/consulta-online-gratuita\\\/#primaryimage\",\"url\":\"https:\\\/\\\/www.bellalex.net\\\/pt\\\/wp-content\\\/uploads\\\/contato.jpg\",\"contentUrl\":\"https:\\\/\\\/www.bellalex.net\\\/pt\\\/wp-content\\\/uploads\\\/contato.jpg\",\"width\":50,\"height\":50,\"caption\":\"Contato\"},{\"@type\":\"BreadcrumbList\",\"@id\":\"https:\\\/\\\/www.bellalex.net\\\/pt\\\/consulta-online-gratuita\\\/#breadcrumb\",\"itemListElement\":[{\"@type\":\"ListItem\",\"position\":1,\"name\":\"Home\",\"item\":\"https:\\\/\\\/www.bellalex.net\\\/pt\\\/\"},{\"@type\":\"ListItem\",\"position\":2,\"name\":\"Consulta Online Gratuita\"}]},{\"@type\":\"WebSite\",\"@id\":\"https:\\\/\\\/www.bellalex.net\\\/pt\\\/#website\",\"url\":\"https:\\\/\\\/www.bellalex.net\\\/pt\\\/\",\"name\":\"Bella Lex\",\"description\":\"Studi Legali | Consultoria\",\"potentialAction\":[{\"@type\":\"SearchAction\",\"target\":{\"@type\":\"EntryPoint\",\"urlTemplate\":\"https:\\\/\\\/www.bellalex.net\\\/pt\\\/?s={search_term_string}\"},\"query-input\":{\"@type\":\"PropertyValueSpecification\",\"valueRequired\":true,\"valueName\":\"search_term_string\"}}],\"inLanguage\":\"pt-BR\"}]}<\/script>\n<!-- \/ Yoast SEO plugin. -->","yoast_head_json":{"title":"Consulta Online Gratuita | Bella Lex Consultoria em Direito Estrangeiro","description":"Consulta Online Gratuita. Bella Lex Consultoria em Direito Estrangeiro e Cidadania Italiana. Preencha o formul\u00e1rio para agendar um atendimento personalizado","robots":{"index":"index","follow":"follow","max-snippet":"max-snippet:-1","max-image-preview":"max-image-preview:large","max-video-preview":"max-video-preview:-1"},"canonical":"https:\/\/www.bellalex.net\/pt\/consulta-online-gratuita\/","og_locale":"pt_BR","og_type":"article","og_title":"Consulta Online Gratuita | Bella Lex Consultoria em Direito Estrangeiro","og_description":"Consulta Online Gratuita. Bella Lex Consultoria em Direito Estrangeiro e Cidadania Italiana. Preencha o formul\u00e1rio para agendar um atendimento personalizado","og_url":"https:\/\/www.bellalex.net\/pt\/consulta-online-gratuita\/","og_site_name":"Bella Lex","article_publisher":"https:\/\/www.facebook.com\/BellaLexconsultoria\/","article_modified_time":"2023-11-20T11:14:34+00:00","og_image":[{"url":"https:\/\/www.bellalex.net\/pt\/wp-content\/uploads\/contato.jpg","type":"","width":"","height":""}],"twitter_card":"summary_large_image","twitter_misc":{"Est. tempo de leitura":"1 minuto"},"schema":{"@context":"https:\/\/schema.org","@graph":[{"@type":"WebPage","@id":"https:\/\/www.bellalex.net\/pt\/consulta-online-gratuita\/","url":"https:\/\/www.bellalex.net\/pt\/consulta-online-gratuita\/","name":"Consulta Online Gratuita | Bella Lex Consultoria em Direito Estrangeiro","isPartOf":{"@id":"https:\/\/www.bellalex.net\/pt\/#website"},"primaryImageOfPage":{"@id":"https:\/\/www.bellalex.net\/pt\/consulta-online-gratuita\/#primaryimage"},"image":{"@id":"https:\/\/www.bellalex.net\/pt\/consulta-online-gratuita\/#primaryimage"},"thumbnailUrl":"https:\/\/www.bellalex.net\/pt\/wp-content\/uploads\/contato.jpg","datePublished":"2017-06-05T16:58:09+00:00","dateModified":"2023-11-20T11:14:34+00:00","description":"Consulta Online Gratuita. Bella Lex Consultoria em Direito Estrangeiro e Cidadania Italiana. Preencha o formul\u00e1rio para agendar um atendimento personalizado","breadcrumb":{"@id":"https:\/\/www.bellalex.net\/pt\/consulta-online-gratuita\/#breadcrumb"},"inLanguage":"pt-BR","potentialAction":[{"@type":"ReadAction","target":["https:\/\/www.bellalex.net\/pt\/consulta-online-gratuita\/"]}]},{"@type":"ImageObject","inLanguage":"pt-BR","@id":"https:\/\/www.bellalex.net\/pt\/consulta-online-gratuita\/#primaryimage","url":"https:\/\/www.bellalex.net\/pt\/wp-content\/uploads\/contato.jpg","contentUrl":"https:\/\/www.bellalex.net\/pt\/wp-content\/uploads\/contato.jpg","width":50,"height":50,"caption":"Contato"},{"@type":"BreadcrumbList","@id":"https:\/\/www.bellalex.net\/pt\/consulta-online-gratuita\/#breadcrumb","itemListElement":[{"@type":"ListItem","position":1,"name":"Home","item":"https:\/\/www.bellalex.net\/pt\/"},{"@type":"ListItem","position":2,"name":"Consulta Online Gratuita"}]},{"@type":"WebSite","@id":"https:\/\/www.bellalex.net\/pt\/#website","url":"https:\/\/www.bellalex.net\/pt\/","name":"Bella Lex","description":"Studi Legali | Consultoria","potentialAction":[{"@type":"SearchAction","target":{"@type":"EntryPoint","urlTemplate":"https:\/\/www.bellalex.net\/pt\/?s={search_term_string}"},"query-input":{"@type":"PropertyValueSpecification","valueRequired":true,"valueName":"search_term_string"}}],"inLanguage":"pt-BR"}]}},"_links":{"self":[{"href":"https:\/\/www.bellalex.net\/pt\/wp-json\/wp\/v2\/pages\/1870","targetHints":{"allow":["GET"]}}],"collection":[{"href":"https:\/\/www.bellalex.net\/pt\/wp-json\/wp\/v2\/pages"}],"about":[{"href":"https:\/\/www.bellalex.net\/pt\/wp-json\/wp\/v2\/types\/page"}],"author":[{"embeddable":true,"href":"https:\/\/www.bellalex.net\/pt\/wp-json\/wp\/v2\/users\/8"}],"replies":[{"embeddable":true,"href":"https:\/\/www.bellalex.net\/pt\/wp-json\/wp\/v2\/comments?post=1870"}],"version-history":[{"count":0,"href":"https:\/\/www.bellalex.net\/pt\/wp-json\/wp\/v2\/pages\/1870\/revisions"}],"wp:attachment":[{"href":"https:\/\/www.bellalex.net\/pt\/wp-json\/wp\/v2\/media?parent=1870"}],"curies":[{"name":"wp","href":"https:\/\/api.w.org\/{rel}","templated":true}]}}